{"id":8,"date":"2019-03-18T12:40:55","date_gmt":"2019-03-18T12:40:55","guid":{"rendered":"http:\/\/czystarzeka.ekobug.pl\/?page_id=8"},"modified":"2019-05-30T07:28:22","modified_gmt":"2019-05-30T07:28:22","slug":"strona-glowna","status":"publish","type":"page","link":"https:\/\/czystarzeka.ekobug.pl\/","title":{"rendered":"Program: CZYSTA RZEKA \u2013 JEST PRIORYTETEM"},"content":{"rendered":"<div data-contents=\"true\">\n<div class=\"\" data-block=\"true\" data-editor=\"ev4pq\" data-offset-key=\"enumm-0-0\">\n<div class=\"_1mf _1mj\" style=\"text-align: center;\" data-offset-key=\"enumm-0-0\"><span data-offset-key=\"enumm-0-0\"><img decoding=\"async\" loading=\"lazy\" class=\"aligncenter size-large wp-image-56\" src=\"http:\/\/czystarzeka.ekobug.pl\/wp-content\/uploads\/2019\/04\/czysta-rzeka-1024x729.jpg\" alt=\"\" width=\"960\" height=\"683\" srcset=\"https:\/\/czystarzeka.ekobug.pl\/wp-content\/uploads\/2019\/04\/czysta-rzeka-1024x729.jpg 1024w, https:\/\/czystarzeka.ekobug.pl\/wp-content\/uploads\/2019\/04\/czysta-rzeka-300x214.jpg 300w, https:\/\/czystarzeka.ekobug.pl\/wp-content\/uploads\/2019\/04\/czysta-rzeka-768x547.jpg 768w, https:\/\/czystarzeka.ekobug.pl\/wp-content\/uploads\/2019\/04\/czysta-rzeka.jpg 1200w\" sizes=\"(max-width: 960px) 100vw, 960px\" \/>Program Wsp\u00f3\u0142pracy Transgranicznej Polska-Bia\u0142oru\u015b-Ukraina od 15 lat wspiera transgraniczne procesy rozwojowe na pograniczu Polski, Bia\u0142orusi i Ukrainy poprzez wsp\u00f3\u0142finansowanie r\u00f3\u017cnorodnych projekt\u00f3w. Wszystkie projekty wspierane przez Program maja charakter niekomercyjny i przyczyniaj\u0105 si\u0119 do poprawy jako\u015bci \u017cycia mieszka\u0144c\u00f3w wschodniej Polski oraz zachodniej Ukrainy i Bia\u0142orusi . Ka\u017cde przedsi\u0119wzi\u0119cie finansowane przez Program musi osi\u0105ga\u0107 silny efekt transgraniczny , nie tylko poprzez partnerstwo zawarte mi\u0119dzy instytucjami z tych trzech kraj\u00f3w , ale przede wszystkim dzi\u0119ki dzia\u0142aniom ich pozytywnemu wp\u0142ywowi na obszary przygraniczne. Program Wsp\u00f3\u0142pracy Transgranicznej EIS Polska-Bia\u0142oru\u015b-Ukraina 2014-2020 jest dokumentem definiuj\u0105cym najwa\u017cniejsze kwestie zwi\u0105zane z realizacj\u0105 Programu, jego otoczeniem , celami i funkcjonowaniem. Opisuje obszary kt\u00f3re zostan\u0105 wsparte dzi\u0119ki wsp\u00f3\u0142finansowaniu projekt\u00f3w.<\/span><\/div>\n<div style=\"text-align: center;\" data-offset-key=\"enumm-0-0\"><\/div>\n<\/div>\n<div class=\"\" style=\"text-align: center;\" data-block=\"true\" data-editor=\"ev4pq\" data-offset-key=\"9ojf0-0-0\">\n<div class=\"_1mf _1mj\" data-offset-key=\"9ojf0-0-0\"><span data-offset-key=\"9ojf0-0-0\">W ramach realizacji niniejszego projektu CZYSTA RZEKA &#8211; G\u0141\u00d3WNY PRIORYTET, realizowane s\u0105 dwa przedsi\u0119wzi\u0119cia infrastrukturalne tj. budowa nowej oczyszczalni \u015bciek\u00f3w w \u017babince o przepustowo\u015bci do 3000 m3\/dob\u0119 oraz budowa ponad 4,52 km sieci kanalizacji sanitarnej wraz z przykanalikami, na terenie Centrum Gminy Terespol. Opiek\u0119 naukow\u0105 nad projektem sprawowa\u0107 b\u0119d\u0105 pracownicy naukowi z Poleskiego Agrarno-Ekologicznego Instytutu PAN Bia\u0142orusi.<\/span><\/div>\n<div data-offset-key=\"9ojf0-0-0\"><a href=\"https:\/\/czystarzeka.ekobug.pl\/wp-content\/uploads\/2019\/05\/61625328_911366549224716_8454510631024852992_n.jpg\"><img decoding=\"async\" loading=\"lazy\" class=\"aligncenter size-full wp-image-73\" src=\"https:\/\/czystarzeka.ekobug.pl\/wp-content\/uploads\/2019\/05\/61625328_911366549224716_8454510631024852992_n.jpg\" alt=\"\" width=\"679\" height=\"960\" srcset=\"https:\/\/czystarzeka.ekobug.pl\/wp-content\/uploads\/2019\/05\/61625328_911366549224716_8454510631024852992_n.jpg 679w, https:\/\/czystarzeka.ekobug.pl\/wp-content\/uploads\/2019\/05\/61625328_911366549224716_8454510631024852992_n-212x300.jpg 212w\" sizes=\"(max-width: 679px) 100vw, 679px\" \/><\/a><\/div>\n<\/div>\n<\/div>\n","protected":false},"excerpt":{"rendered":"<p>Program Wsp\u00f3\u0142pracy Transgranicznej Polska-Bia\u0142oru\u015b-Ukraina od 15 lat wspiera transgraniczne procesy rozwojowe na pograniczu Polski, Bia\u0142orusi i Ukrainy poprzez wsp\u00f3\u0142finansowanie r\u00f3\u017cnorodnych projekt\u00f3w. Wszystkie projekty wspierane przez Program maja charakter niekomercyjny i przyczyniaj\u0105 si\u0119 do poprawy jako\u015bci \u017cycia mieszka\u0144c\u00f3w wschodniej Polski oraz zachodniej Ukrainy i Bia\u0142orusi . Ka\u017cde przedsi\u0119wzi\u0119cie finansowane przez Program musi osi\u0105ga\u0107 silny efekt transgraniczny , nie tylko poprzez partnerstwo zawarte mi\u0119dzy instytucjami z tych trzech kraj\u00f3w , ale przede&#8230;<\/p>\n","protected":false},"author":1,"featured_media":56,"parent":0,"menu_order":0,"comment_status":"closed","ping_status":"closed","template":"","meta":{"footnotes":""},"_links":{"self":[{"href":"https:\/\/czystarzeka.ekobug.pl\/index.php?rest_route=\/wp\/v2\/pages\/8"}],"collection":[{"href":"https:\/\/czystarzeka.ekobug.pl\/index.php?rest_route=\/wp\/v2\/pages"}],"about":[{"href":"https:\/\/czystarzeka.ekobug.pl\/index.php?rest_route=\/wp\/v2\/types\/page"}],"author":[{"embeddable":true,"href":"https:\/\/czystarzeka.ekobug.pl\/index.php?rest_route=\/wp\/v2\/users\/1"}],"replies":[{"embeddable":true,"href":"https:\/\/czystarzeka.ekobug.pl\/index.php?rest_route=%2Fwp%2Fv2%2Fcomments&post=8"}],"version-history":[{"count":6,"href":"https:\/\/czystarzeka.ekobug.pl\/index.php?rest_route=\/wp\/v2\/pages\/8\/revisions"}],"predecessor-version":[{"id":75,"href":"https:\/\/czystarzeka.ekobug.pl\/index.php?rest_route=\/wp\/v2\/pages\/8\/revisions\/75"}],"wp:featuredmedia":[{"embeddable":true,"href":"https:\/\/czystarzeka.ekobug.pl\/index.php?rest_route=\/wp\/v2\/media\/56"}],"wp:attachment":[{"href":"https:\/\/czystarzeka.ekobug.pl\/index.php?rest_route=%2Fwp%2Fv2%2Fmedia&parent=8"}],"curies":[{"name":"wp","href":"https:\/\/api.w.org\/{rel}","templated":true}]}}