{"id":9,"date":"2019-03-18T12:40:55","date_gmt":"2019-03-18T12:40:55","guid":{"rendered":"http:\/\/czystarzeka.ekobug.pl\/?page_id=9"},"modified":"2019-03-18T14:26:23","modified_gmt":"2019-03-18T14:26:23","slug":"o-nas","status":"publish","type":"page","link":"https:\/\/czystarzeka.ekobug.pl\/?page_id=9","title":{"rendered":"O nas"},"content":{"rendered":"<h2><span class=\"contact-name\">EKO-BUG Sp\u00f3\u0142ka z o.o.<\/span><\/h2>\n<p><span class=\"contact-street\">Kobylany, ul. S\u0142oneczna 7<br \/>\n21-540 Ma\u0142aszewicze<\/span><\/p>\n<p>tel.: (83) 375 15 39<\/p>\n<p>fax.: (83) 375 15 35<\/p>\n<p>e-mail: ekobug@o2.pl<\/p>\n<p>www.ekobug.pl<\/p>\n<p>Rachunek bankowy: Bank Sp\u00f3\u0142dzielczy \u0141omazy<br \/>\nO\/Terespol nr: 87 8037 1021 6801 1598 3000 0000<br \/>\nNIP: 537-19-65-148<br \/>\nREGON: 030222473<br \/>\nKRS: 0000009461<br \/>\npogotowie wod-kan: 601 431 429<br \/>\ngodz. otwarcia biura: pn.-pt. 7.30 &#8211; 15.30<br \/>\n<span class=\"jicons-icons\"> <img decoding=\"async\" src=\"https:\/\/ekobug.pl\/media\/contacts\/images\/con_tel.png\" alt=\"Telefon: \"> <\/span><span class=\"contact-telephone\"> (83) 375 15 39 <\/span><span class=\"jicons-icons\"> <img decoding=\"async\" src=\"https:\/\/ekobug.pl\/media\/contacts\/images\/con_mobile.png\" alt=\"Telefon kom\u00f3rkowy: \"> <\/span><span class=\"contact-mobile\"> (83) 375 15 35 fax <\/span><\/p>\n","protected":false},"excerpt":{"rendered":"<p>EKO-BUG Sp\u00f3\u0142ka z o.o. Kobylany, ul. S\u0142oneczna 7 21-540 Ma\u0142aszewicze tel.: (83) 375 15 39 fax.: (83) 375 15 35 e-mail: ekobug@o2.pl www.ekobug.pl Rachunek bankowy: Bank Sp\u00f3\u0142dzielczy \u0141omazy O\/Terespol nr: 87 8037 1021 6801 1598 3000 0000 NIP: 537-19-65-148 REGON: 030222473 KRS: 0000009461 pogotowie wod-kan: 601 431 429 godz. otwarcia biura: pn.-pt. 7.30 &#8211; 15.30 (83) 375 15 39 (83) 375 15 35 fax<\/p>\n","protected":false},"author":1,"featured_media":0,"parent":0,"menu_order":0,"comment_status":"closed","ping_status":"closed","template":"","meta":{"footnotes":""},"_links":{"self":[{"href":"https:\/\/czystarzeka.ekobug.pl\/index.php?rest_route=\/wp\/v2\/pages\/9"}],"collection":[{"href":"https:\/\/czystarzeka.ekobug.pl\/index.php?rest_route=\/wp\/v2\/pages"}],"about":[{"href":"https:\/\/czystarzeka.ekobug.pl\/index.php?rest_route=\/wp\/v2\/types\/page"}],"author":[{"embeddable":true,"href":"https:\/\/czystarzeka.ekobug.pl\/index.php?rest_route=\/wp\/v2\/users\/1"}],"replies":[{"embeddable":true,"href":"https:\/\/czystarzeka.ekobug.pl\/index.php?rest_route=%2Fwp%2Fv2%2Fcomments&post=9"}],"version-history":[{"count":3,"href":"https:\/\/czystarzeka.ekobug.pl\/index.php?rest_route=\/wp\/v2\/pages\/9\/revisions"}],"predecessor-version":[{"id":49,"href":"https:\/\/czystarzeka.ekobug.pl\/index.php?rest_route=\/wp\/v2\/pages\/9\/revisions\/49"}],"wp:attachment":[{"href":"https:\/\/czystarzeka.ekobug.pl\/index.php?rest_route=%2Fwp%2Fv2%2Fmedia&parent=9"}],"curies":[{"name":"wp","href":"https:\/\/api.w.org\/{rel}","templated":true}]}}